{"id":76,"date":"2016-03-11T12:33:50","date_gmt":"2016-03-11T11:33:50","guid":{"rendered":"http:\/\/www.aufkleber-druck-profi.de\/?page_id=76"},"modified":"2018-03-16T15:14:30","modified_gmt":"2018-03-16T14:14:30","slug":"format-und-materialien-outdoor","status":"publish","type":"page","link":"http:\/\/poster-druck-profi.de\/?page_id=76","title":{"rendered":"Format und Materialien (Outdoor)"},"content":{"rendered":"<p>Im Au\u00dfenbereich gilt das Gegenteil, was f\u00fcr den Innenbereich gilt.<\/p>\n<p>Au\u00dferhalb Ihres Geb\u00e4udes sollte alles so gro\u00df wie m\u00f6glich sein, damit auch m\u00f6glichst viele Leute das Poster sehen.<\/p>\n<p>Somit empfiehlen sich im Au\u00dfenbereich vor allem DIN A2, DIN A1 und DIN A0.<\/p>\n<p>Sollten Sie das Poster allerdings an einem Ort anbringen der sehr nah an den Leuten ist, wie z.B. die Eingangt\u00fcr, reichen auch DIN A3 oder DIN A4.<\/p>\n<p>&nbsp;<\/p>\n<p>Im Au\u00dfenbereich werden schon bessere Materialien ben\u00f6tigt, als im Innenbereich, da die Poster \u00e4u\u00dferlichen Einfl\u00fcssen ausgeliefert sind.<\/p>\n<p>Ihr Poster muss nicht unbedingt aus Papier bestehen, sondern kann auch aus einem st\u00e4rkeren Material wie z.B. PVC gemacht werden.<\/p>\n<p>Falls Sie die Kosten niederig halten wollen, k\u00f6nnen Sie auch auf wetterfestes Papier zur\u00fcckgreifen.<\/p>\n<p>Zudem gibt es noch spezielle Schutzlacke, die die Druckfarbe vor UV-Strahlung oder Schmutz sch\u00fctzt.<\/p>\n","protected":false},"excerpt":{"rendered":"<p>Im Au\u00dfenbereich gilt das Gegenteil, was f\u00fcr den Innenbereich gilt. Au\u00dferhalb Ihres Geb\u00e4udes sollte alles so gro\u00df wie m\u00f6glich sein,<\/p>\n","protected":false},"author":1,"featured_media":0,"parent":0,"menu_order":0,"comment_status":"closed","ping_status":"closed","template":"","meta":[],"_links":{"self":[{"href":"http:\/\/poster-druck-profi.de\/index.php?rest_route=\/wp\/v2\/pages\/76"}],"collection":[{"href":"http:\/\/poster-druck-profi.de\/index.php?rest_route=\/wp\/v2\/pages"}],"about":[{"href":"http:\/\/poster-druck-profi.de\/index.php?rest_route=\/wp\/v2\/types\/page"}],"author":[{"embeddable":true,"href":"http:\/\/poster-druck-profi.de\/index.php?rest_route=\/wp\/v2\/users\/1"}],"replies":[{"embeddable":true,"href":"http:\/\/poster-druck-profi.de\/index.php?rest_route=%2Fwp%2Fv2%2Fcomments&post=76"}],"version-history":[{"count":4,"href":"http:\/\/poster-druck-profi.de\/index.php?rest_route=\/wp\/v2\/pages\/76\/revisions"}],"predecessor-version":[{"id":308,"href":"http:\/\/poster-druck-profi.de\/index.php?rest_route=\/wp\/v2\/pages\/76\/revisions\/308"}],"wp:attachment":[{"href":"http:\/\/poster-druck-profi.de\/index.php?rest_route=%2Fwp%2Fv2%2Fmedia&parent=76"}],"curies":[{"name":"wp","href":"https:\/\/api.w.org\/{rel}","templated":true}]}}