{"id":70,"date":"2016-03-11T12:32:44","date_gmt":"2016-03-11T11:32:44","guid":{"rendered":"http:\/\/www.aufkleber-druck-profi.de\/?page_id=70"},"modified":"2018-03-19T13:10:08","modified_gmt":"2018-03-19T12:10:08","slug":"inhalt-2","status":"publish","type":"page","link":"http:\/\/poster-druck-profi.de\/?page_id=70","title":{"rendered":"Inhalt"},"content":{"rendered":"<div>\n<div>\n<p>Poster k\u00f6nnen <strong>verschiedene Inhalte<\/strong> haben.<\/p>\n<p>Im <strong>privaten Bereich<\/strong> beinhalten Poster oft <strong>ein Bild oder etwas Text<\/strong>.<\/p>\n<p>Sie k\u00f6nnen Poster aber auch dazu benutzen,<br \/>\num zu <strong>werben<\/strong>, in dem Sie Poster in Ihrem Unternehmensgeb\u00e4ude aufh\u00e4ngen,<br \/>\ndie \u00fcber <strong>Informationen \u00fcber Ihre Firma<\/strong> verf\u00fcgen und f\u00fcr Ihre <strong>Produkte\/Dienstleistungen werben<\/strong>.<\/p>\n<\/div>\n<\/div>\n<div>\n<p>Falls Sie <strong>Grafiken f\u00fcr Plakate<\/strong> haben, k\u00f6nnen Sie die <strong>Grafik auf das Posterformat skalieren<\/strong> und auf die Poster drucken, damit Sie auch <strong>im Innenbereich Ihre Au\u00dfenwerbung aufh\u00e4ngen k\u00f6nnen<\/strong>, ohne dass Sie ein riesiges Plakat aufh\u00e4ngen m\u00fcssen.<\/p>\n<p>Zus\u00e4tzlich k\u00f6nnen Sie noch I<strong>nformationen \u00fcber Ihre Firma<\/strong> oder \u00fcber <strong>Firmenveranstaltungen<\/strong> auf die Poster drucken.<\/p>\n<\/div>\n","protected":false},"excerpt":{"rendered":"<p>Poster k\u00f6nnen verschiedene Inhalte haben. Im privaten Bereich beinhalten Poster oft ein Bild oder etwas Text. Sie k\u00f6nnen Poster aber<\/p>\n","protected":false},"author":1,"featured_media":0,"parent":0,"menu_order":0,"comment_status":"closed","ping_status":"closed","template":"","meta":[],"_links":{"self":[{"href":"http:\/\/poster-druck-profi.de\/index.php?rest_route=\/wp\/v2\/pages\/70"}],"collection":[{"href":"http:\/\/poster-druck-profi.de\/index.php?rest_route=\/wp\/v2\/pages"}],"about":[{"href":"http:\/\/poster-druck-profi.de\/index.php?rest_route=\/wp\/v2\/types\/page"}],"author":[{"embeddable":true,"href":"http:\/\/poster-druck-profi.de\/index.php?rest_route=\/wp\/v2\/users\/1"}],"replies":[{"embeddable":true,"href":"http:\/\/poster-druck-profi.de\/index.php?rest_route=%2Fwp%2Fv2%2Fcomments&post=70"}],"version-history":[{"count":3,"href":"http:\/\/poster-druck-profi.de\/index.php?rest_route=\/wp\/v2\/pages\/70\/revisions"}],"predecessor-version":[{"id":317,"href":"http:\/\/poster-druck-profi.de\/index.php?rest_route=\/wp\/v2\/pages\/70\/revisions\/317"}],"wp:attachment":[{"href":"http:\/\/poster-druck-profi.de\/index.php?rest_route=%2Fwp%2Fv2%2Fmedia&parent=70"}],"curies":[{"name":"wp","href":"https:\/\/api.w.org\/{rel}","templated":true}]}}