{"id":171,"date":"2016-03-16T16:18:22","date_gmt":"2016-03-16T15:18:22","guid":{"rendered":"http:\/\/www.aufkleber-druck-profi.de\/?page_id=171"},"modified":"2018-03-16T13:42:02","modified_gmt":"2018-03-16T12:42:02","slug":"inhalt","status":"publish","type":"page","link":"http:\/\/poster-druck-profi.de\/?page_id=171","title":{"rendered":"Inhalt"},"content":{"rendered":"<p>Poster k\u00f6nnen verschiedene Anwendungen haben.<\/p>\n<p>Im privaten Bereich beinhalten Poster oft ein Bild oder etwas Text.<\/p>\n<p>Sie k\u00f6nnen Poster aber auch dazu benutzen, um zu werben, in dem Sie Poster in Ihrem Unternehmensgeb\u00e4ude aufh\u00e4ngen, die \u00fcber Informationen \u00fcber Ihre Firma verf\u00fcgen und Ihre Produkte\/Dienstleistungen bewirbt.<\/p>\n<p>Falls Sie Grafiken f\u00fcr Plakate haben, k\u00f6nnen Sie die Grafik auf das Posterformat skalieren und auf die Poster drucken, damit Sie auch im Innenbereich Ihre Au\u00dfenwerbung aufh\u00e4ngen k\u00f6nnen, ohne dass Sie ein riesiges Plakat aufh\u00e4ngen m\u00fcssen.<\/p>\n<p>Zus\u00e4tzlich k\u00f6nnen Sie noch Informationen \u00fcber Ihre Firma oder \u00fcber Firmenveranstaltungen auf die Poster drucken.<\/p>\n<p>&nbsp;<\/p>\n","protected":false},"excerpt":{"rendered":"<p>Poster k\u00f6nnen verschiedene Anwendungen haben. Im privaten Bereich beinhalten Poster oft ein Bild oder etwas Text. Sie k\u00f6nnen Poster aber<\/p>\n","protected":false},"author":1,"featured_media":0,"parent":0,"menu_order":0,"comment_status":"closed","ping_status":"closed","template":"","meta":[],"_links":{"self":[{"href":"http:\/\/poster-druck-profi.de\/index.php?rest_route=\/wp\/v2\/pages\/171"}],"collection":[{"href":"http:\/\/poster-druck-profi.de\/index.php?rest_route=\/wp\/v2\/pages"}],"about":[{"href":"http:\/\/poster-druck-profi.de\/index.php?rest_route=\/wp\/v2\/types\/page"}],"author":[{"embeddable":true,"href":"http:\/\/poster-druck-profi.de\/index.php?rest_route=\/wp\/v2\/users\/1"}],"replies":[{"embeddable":true,"href":"http:\/\/poster-druck-profi.de\/index.php?rest_route=%2Fwp%2Fv2%2Fcomments&post=171"}],"version-history":[{"count":5,"href":"http:\/\/poster-druck-profi.de\/index.php?rest_route=\/wp\/v2\/pages\/171\/revisions"}],"predecessor-version":[{"id":305,"href":"http:\/\/poster-druck-profi.de\/index.php?rest_route=\/wp\/v2\/pages\/171\/revisions\/305"}],"wp:attachment":[{"href":"http:\/\/poster-druck-profi.de\/index.php?rest_route=%2Fwp%2Fv2%2Fmedia&parent=171"}],"curies":[{"name":"wp","href":"https:\/\/api.w.org\/{rel}","templated":true}]}}