{"id":169,"date":"2016-03-16T16:18:11","date_gmt":"2016-03-16T15:18:11","guid":{"rendered":"http:\/\/www.aufkleber-druck-profi.de\/?page_id=169"},"modified":"2018-03-15T15:37:52","modified_gmt":"2018-03-15T14:37:52","slug":"platzierung-indoor","status":"publish","type":"page","link":"http:\/\/poster-druck-profi.de\/?page_id=169","title":{"rendered":"Platzierung (Indoor)"},"content":{"rendered":"<p>Indoor k\u00f6nnen Ihre Poster eigentlich \u00fcberall platziert werden, wo sich Leute aufhalten.<\/p>\n<p>Beim Artzt w\u00e4hre es also der Eingangsbereich, das Wartezimmer und das Behandlungszimmer.<\/p>\n<p>Man kann die Poster entweder ganz normal an eine leere Wand h\u00e4ngen oder man rahmt sie ein oder man stellt sie in einem Schaukasten aus, sofern genug Platz verf\u00fcgbar ist.<\/p>\n<p>Au\u00dferdem lassen sich Poster auch auf Tischen oder \u00e4hnlichen M\u00f6belst\u00fccken auslegen.<\/p>\n<p>Plakatw\u00e4nde sind eine platzsparende L\u00f6sung, um viele Plakate an einem Punkt zu haben.<\/p>\n","protected":false},"excerpt":{"rendered":"<p>Indoor k\u00f6nnen Ihre Poster eigentlich \u00fcberall platziert werden, wo sich Leute aufhalten. Beim Artzt w\u00e4hre es also der Eingangsbereich, das<\/p>\n","protected":false},"author":1,"featured_media":0,"parent":0,"menu_order":0,"comment_status":"closed","ping_status":"closed","template":"","meta":[],"_links":{"self":[{"href":"http:\/\/poster-druck-profi.de\/index.php?rest_route=\/wp\/v2\/pages\/169"}],"collection":[{"href":"http:\/\/poster-druck-profi.de\/index.php?rest_route=\/wp\/v2\/pages"}],"about":[{"href":"http:\/\/poster-druck-profi.de\/index.php?rest_route=\/wp\/v2\/types\/page"}],"author":[{"embeddable":true,"href":"http:\/\/poster-druck-profi.de\/index.php?rest_route=\/wp\/v2\/users\/1"}],"replies":[{"embeddable":true,"href":"http:\/\/poster-druck-profi.de\/index.php?rest_route=%2Fwp%2Fv2%2Fcomments&post=169"}],"version-history":[{"count":4,"href":"http:\/\/poster-druck-profi.de\/index.php?rest_route=\/wp\/v2\/pages\/169\/revisions"}],"predecessor-version":[{"id":302,"href":"http:\/\/poster-druck-profi.de\/index.php?rest_route=\/wp\/v2\/pages\/169\/revisions\/302"}],"wp:attachment":[{"href":"http:\/\/poster-druck-profi.de\/index.php?rest_route=%2Fwp%2Fv2%2Fmedia&parent=169"}],"curies":[{"name":"wp","href":"https:\/\/api.w.org\/{rel}","templated":true}]}}