{"id":167,"date":"2016-03-16T16:18:04","date_gmt":"2016-03-16T15:18:04","guid":{"rendered":"http:\/\/www.aufkleber-druck-profi.de\/?page_id=167"},"modified":"2018-03-14T10:08:01","modified_gmt":"2018-03-14T09:08:01","slug":"formate-und-material-innenbereich","status":"publish","type":"page","link":"http:\/\/poster-druck-profi.de\/?page_id=167","title":{"rendered":"Formate und Material (Innenbereich)"},"content":{"rendered":"<p>Plakate im Innenbereich k\u00f6nnen ruhig klein gehalten werden, da die Betrachter sich direkt am Plakat befinden.<\/p>\n<p>Dadurch reichen schon Plakate in DIN A3 oder DIN A4, allerdings kann man nat\u00fcrlich auch gr\u00f6\u00dfere Plakate verwenden bis hin zum DIN A0-Format.<\/p>\n<p>Wenn man ein gro\u00dfes Plakat verwendet, dann sollte man darauf achten, dass es sich in einem gro\u00dfen Raum befindet, da gro\u00dfe Plakate schwierig zu lesen sind, wenn man nah an ihnen steht.<\/p>\n<p>Kleine Plakate lassen sich daf\u00fcr umso besser lesen, wenn man nahe genug an ihnen steht.<\/p>\n<p>&nbsp;<\/p>\n<p>Im Innenbereich braucht man nicht unbedingt wetterfeste Materialien, weshalb normales Papier an sich schon ausreicht.<\/p>\n<p>Schwereres Papier wirkt deutlich hochwertiger und ist mehr resistent gegen Sch\u00e4den, ist aber auch teurer als d\u00fcnnes Papier.<\/p>\n<p>Die Materialien m\u00fcssen f\u00fcr den Innenbereich eigentlich nicht gro\u00dfartig bearbeitet werden, da sie keinen \u00e4u\u00dferen Einfl\u00fcssen ausgesetzt sind.<\/p>\n<p>&nbsp;<\/p>\n","protected":false},"excerpt":{"rendered":"<p>Plakate im Innenbereich k\u00f6nnen ruhig klein gehalten werden, da die Betrachter sich direkt am Plakat befinden. Dadurch reichen schon Plakate<\/p>\n","protected":false},"author":1,"featured_media":0,"parent":0,"menu_order":0,"comment_status":"closed","ping_status":"closed","template":"","meta":[],"_links":{"self":[{"href":"http:\/\/poster-druck-profi.de\/index.php?rest_route=\/wp\/v2\/pages\/167"}],"collection":[{"href":"http:\/\/poster-druck-profi.de\/index.php?rest_route=\/wp\/v2\/pages"}],"about":[{"href":"http:\/\/poster-druck-profi.de\/index.php?rest_route=\/wp\/v2\/types\/page"}],"author":[{"embeddable":true,"href":"http:\/\/poster-druck-profi.de\/index.php?rest_route=\/wp\/v2\/users\/1"}],"replies":[{"embeddable":true,"href":"http:\/\/poster-druck-profi.de\/index.php?rest_route=%2Fwp%2Fv2%2Fcomments&post=167"}],"version-history":[{"count":5,"href":"http:\/\/poster-druck-profi.de\/index.php?rest_route=\/wp\/v2\/pages\/167\/revisions"}],"predecessor-version":[{"id":299,"href":"http:\/\/poster-druck-profi.de\/index.php?rest_route=\/wp\/v2\/pages\/167\/revisions\/299"}],"wp:attachment":[{"href":"http:\/\/poster-druck-profi.de\/index.php?rest_route=%2Fwp%2Fv2%2Fmedia&parent=167"}],"curies":[{"name":"wp","href":"https:\/\/api.w.org\/{rel}","templated":true}]}}